{"id":2,"date":"2026-05-08T12:46:32","date_gmt":"2026-05-08T12:46:32","guid":{"rendered":"http:\/\/zephyr-production.com\/?page_id=2"},"modified":"2026-05-08T16:28:38","modified_gmt":"2026-05-08T14:28:38","slug":"home","status":"publish","type":"page","link":"https:\/\/zephyr-production.com\/","title":{"rendered":"Home"},"content":{"rendered":"\n<div class=\"wp-block-group is-style-default has-large-font-size has-global-padding is-layout-constrained wp-block-group-is-layout-constrained\">\n<div class=\"wp-block-group has-global-padding is-layout-constrained wp-block-group-is-layout-constrained\" style=\"padding-top:0;padding-bottom:var(--wp--preset--spacing--60)\">\n<figure class=\"wp-block-image size-large\"><img loading=\"lazy\" decoding=\"async\" width=\"1024\" height=\"295\" src=\"http:\/\/zephyr-production.com\/wp-content\/uploads\/2026\/05\/bg-e1778249029987-1024x295.jpg\" alt=\"\" class=\"wp-image-25\" srcset=\"https:\/\/zephyr-production.com\/wp-content\/uploads\/2026\/05\/bg-e1778249029987-1024x295.jpg 1024w, https:\/\/zephyr-production.com\/wp-content\/uploads\/2026\/05\/bg-e1778249029987-300x87.jpg 300w, https:\/\/zephyr-production.com\/wp-content\/uploads\/2026\/05\/bg-e1778249029987-768x222.jpg 768w, https:\/\/zephyr-production.com\/wp-content\/uploads\/2026\/05\/bg-e1778249029987.jpg 1300w\" sizes=\"auto, (max-width: 1024px) 100vw, 1024px\" \/><\/figure>\n\n\n\n<blockquote class=\"wp-block-quote is-layout-flow wp-block-quote-is-layout-flow\" style=\"margin-top:0;margin-bottom:0;padding-top:0;padding-bottom:0\">\n<p class=\"is-style-default has-medium-font-size\" style=\"margin-top:var(--wp--preset--spacing--30);margin-right:0;margin-bottom:var(--wp--preset--spacing--30);margin-left:0;padding-top:0;padding-right:0;padding-bottom:0;padding-left:0\">La musique est la langue des \u00e9motions &#8211; Emmanuel Kant<\/p>\n<\/blockquote>\n<\/div>\n\n\n\n<div class=\"wp-block-group is-style-default has-global-padding is-layout-constrained wp-block-group-is-layout-constrained\">\n<p><\/p>\n\n\n\n<p>En tant que musicien exp\u00e9riment\u00e9 et sound designer, je cr\u00e9e des identit\u00e9s sonores et des musiques originales adapt\u00e9es \u00e0 votre projet.<\/p>\n\n\n\n<p>Mon travail se concentre sur la clart\u00e9, le d\u00e9tail et l\u2019impact \u00e9motionnel, afin de r\u00e9aliser une experience immersive et unique.<\/p>\n\n\n\n<p>Qu\u2019il s\u2019agisse d\u2019un jingle ou d\u2019une bande son, une composition instrumentale pour le th\u00e9\u00e2tre, la radio ou la t\u00e9l\u00e9vision, Je vous accompagne pas \u00e0 pas dans la compr\u00e9hension et l\u2019articulation de votre vision.<\/p>\n\n\n\n<p><\/p>\n\n\n\n<p style=\"margin-top:var(--wp--preset--spacing--70)\">J&rsquo;ai la possibilit\u00e9 de travailler en pr\u00e9sentiel et \u00e0 distance.\u00a0<\/p>\n\n\n\n<p>Durant la production, je vous enverrai un export de qualit\u00e9 48k\/24 bits avec les pistes audios afin de discuter les diff\u00e9rentes observations et modifications, jusqu\u2019\u00e0 la validation du produit final.<\/p>\n\n\n\n<figure class=\"wp-block-image aligncenter size-full is-resized\" style=\"margin-top:300px\"><img loading=\"lazy\" decoding=\"async\" width=\"151\" height=\"151\" src=\"http:\/\/zephyr-production.com\/wp-content\/uploads\/2026\/05\/croche.png\" alt=\"\" class=\"wp-image-35\" style=\"aspect-ratio:1.0073748578781356;width:75px;height:auto\"\/><\/figure>\n\n\n\n<p class=\"has-text-align-center\"><strong>Music composition<\/strong><\/p>\n\n\n\n<p class=\"has-text-align-center\">Cr\u00e9ation de musique originale pour vos projets : Film, podcast, publicit\u00e9, th\u00e9\u00e2tre ou jeux vid\u00e9o.<\/p>\n\n\n\n<figure class=\"wp-block-image aligncenter size-full is-resized\" style=\"margin-top:135px\"><img loading=\"lazy\" decoding=\"async\" width=\"170\" height=\"169\" src=\"http:\/\/zephyr-production.com\/wp-content\/uploads\/2026\/05\/sound-design.png\" alt=\"\" class=\"wp-image-36\" style=\"aspect-ratio:1.0073748578781356;width:75px;height:auto\" srcset=\"https:\/\/zephyr-production.com\/wp-content\/uploads\/2026\/05\/sound-design.png 170w, https:\/\/zephyr-production.com\/wp-content\/uploads\/2026\/05\/sound-design-150x150.png 150w\" sizes=\"auto, (max-width: 170px) 100vw, 170px\" \/><\/figure>\n\n\n\n<p class=\"has-text-align-center\"><strong>Sound Design<\/strong><\/p>\n\n\n\n<p class=\"has-text-align-center\">Conception de paysages sonores originals et immersif, ambiance et effets sonore pour toute formes d\u2019animations ou d\u2019installations<\/p>\n\n\n\n<figure class=\"wp-block-image aligncenter size-full is-resized\" style=\"margin-top:135px\"><img loading=\"lazy\" decoding=\"async\" width=\"162\" height=\"162\" src=\"http:\/\/zephyr-production.com\/wp-content\/uploads\/2026\/05\/application.png\" alt=\"\" class=\"wp-image-34\" style=\"aspect-ratio:1.0073748578781356;width:75px;height:auto\" srcset=\"https:\/\/zephyr-production.com\/wp-content\/uploads\/2026\/05\/application.png 162w, https:\/\/zephyr-production.com\/wp-content\/uploads\/2026\/05\/application-150x150.png 150w\" sizes=\"auto, (max-width: 162px) 100vw, 162px\" \/><\/figure>\n\n\n\n<p class=\"has-text-align-center\"><strong>Custom App Sounds<\/strong><\/p>\n\n\n\n<p class=\"has-text-align-center\" style=\"padding-top:var(--wp--preset--spacing--30);padding-bottom:var(--wp--preset--spacing--30)\">Mettez votre application en valeur avec une interface sonore personnalis\u00e9e. Offrez \u00e0 votre app sa propre identit\u00e9 et son style<\/p>\n\n\n\n<p><\/p>\n\n\n\n<p><\/p>\n\n\n\n<p><\/p>\n\n\n\n<p><\/p>\n<\/div>\n\n\n\n<div class=\"wp-block-group has-global-padding is-layout-constrained wp-block-group-is-layout-constrained\" style=\"padding-top:300px;padding-bottom:300px\">\n<h2 class=\"wp-block-heading has-text-align-center\" id=\"bio\" style=\"padding-top:var(--wp--preset--spacing--30);padding-bottom:var(--wp--preset--spacing--30)\">Biographie<\/h2>\n\n\n\n<p>Je m&rsquo;appelle Nicolas Dujardin, je suis bas\u00e9 \u00e0 Bruxelles.<\/p>\n\n\n\n<p>Passionn\u00e9 de musique depuis toujours, mes influences vont de la musique de film au jazz en passant par la musique classique, rock, pop, soul, metal, \u00e9lectronique et les musiques du monde.&nbsp;<\/p>\n\n\n\n<p>J\u2019entame une formation de guitare jazz vers mes 14 ans avant de poursuivre avec l\u2019apprentissage du piano et de la batterie.&nbsp;<\/p>\n\n\n\n<p>Je commence \u00e0 composer pour plusieurs projets et m\u2019int\u00e9resse \u00e0 l\u2019arrangement et au mixage.&nbsp;<\/p>\n\n\n\n<p>Vers 2013, je g\u00e8re un lieu de concerts @ Bruxelles : le Spione.<br>Cette exp\u00e9rience m\u2019a beaucoup enrichi dans tout les aspects de l\u2019organisation d\u2019\u00e9v\u00e9nements live.<\/p>\n\n\n\n<p>Malgr\u00e9 cela, j\u2019ai senti le besoin de stimuler ma cr\u00e9ativit\u00e9 autrement et j\u2019ai choisi de me sp\u00e9cialiser dans l\u2019enregistrement studio et le sound design.<\/p>\n\n\n\n<p>Dipl\u00f4m\u00e9 de l\u2019ESRA Bruxelles en Chef Op\u00e9rateur Son en 2019, cela fait 6 ans que je fais de la cr\u00e9ation sonore pour le cin\u00e9ma, le th\u00e9\u00e2tre ou la radio.<\/p>\n<\/div>\n\n\n\n<div class=\"wp-block-group has-global-padding is-layout-constrained wp-block-group-is-layout-constrained\" style=\"padding-top:var(--wp--preset--spacing--50);padding-bottom:var(--wp--preset--spacing--50)\">\n<h2 class=\"wp-block-heading has-text-align-center\" id=\"equipement\" style=\"padding-top:var(--wp--preset--spacing--30);padding-bottom:var(--wp--preset--spacing--30)\">Equipements<\/h2>\n\n\n\n<p><br>DAWS<\/p>\n\n\n\n<p>Cubase 11, Logic Pro, Ableton Live.<br><br>PLUG-INS<br>Fabfilter Mixing Bundle,BBC Symphony Orchestra, Komplete 12, Izotope, Waves, Valhalla, Neutron 2, Absynth 5, Battery 4, FM8, Massive x, Reaktor 6, Prologue, Retrologue &amp; so many more.<\/p>\n\n\n\n<p>MICROPHONES<br>Sm58, sm57, AKG c414, Aston Spirit, Neumann k184 stereo set, Beyerdynamic M88, AKG D12, Sennheiser e609<\/p>\n\n\n\n<p> INSTRUMENTS &nbsp;<\/p>\n\n\n\n<p>&nbsp;Guitar Gretsch 6120, Guitar Gibson SG, Guitar folk Seagull, Piano \u00e9l\u00e9ctrique Yamaha CLP 825 B, Clavier Oxygen Pro 61, Korg Minilogue xd, Roland TR8s, Arturia Minibrute, ainsi qu\u2019une multitude de percussions diverses et de p\u00e9dales \u00e0 effets.<br><br>MONITORS, RECORDERS &amp; HEADPHONES<br>Adam T7V, Steinberg UR44, Focusrite Scarlett 2i4, AKG K121studio + AKG K702<\/p>\n<\/div>\n\n\n\n<div class=\"wp-block-group has-global-padding is-layout-constrained wp-block-group-is-layout-constrained\" style=\"padding-top:300px;padding-bottom:300px\">\n<h2 class=\"wp-block-heading has-text-align-center\" id=\"portfolio\" style=\"padding-top:var(--wp--preset--spacing--30);padding-bottom:var(--wp--preset--spacing--30)\">Portfolio<\/h2>\n\n\n\n<p>LA LEGENDE DE BARNABUS &#8211; 2018<\/p>\n\n\n\n<p><a href=\"https:\/\/vimeo.com\/278124777\">https:\/\/vimeo.com\/278124777<\/a><\/p>\n\n\n\n<p>PUB CHOPAR &#8211; 2018<\/p>\n\n\n\n<p><a href=\"https:\/\/vimeo.com\/255572143\">https:\/\/vimeo.com\/255572143<\/a><\/p>\n\n\n\n<p>PUB MARZ &#8211; 2019<\/p>\n\n\n\n<p><a href=\"https:\/\/vimeo.com\/321747385\">https:\/\/vimeo.com\/321747385<\/a><\/p>\n\n\n\n<p>Sweet Thing &#8211; Single Version 2025<\/p>\n\n\n\n<figure class=\"wp-block-audio\"><audio controls src=\"http:\/\/zephyr-production.com\/wp-content\/uploads\/2026\/05\/Sweet-Thing-Single-Version.mp3\" loop><\/audio><\/figure>\n\n\n\n<p>Smile &#8211; Single Version 2022<\/p>\n\n\n\n<figure class=\"wp-block-audio\"><audio controls src=\"http:\/\/zephyr-production.com\/wp-content\/uploads\/2026\/05\/Smile-Single-Version.mp3\"><\/audio><\/figure>\n\n\n\n<p>Paulina &#8211; Single Version 2024<\/p>\n\n\n\n<figure class=\"wp-block-audio\"><audio controls src=\"http:\/\/zephyr-production.com\/wp-content\/uploads\/2026\/05\/Paulina-Single-Version.mp3\"><\/audio><\/figure>\n\n\n\n<p>Good Day Lovin &#8211; Single Version 2020<\/p>\n\n\n\n<figure class=\"wp-block-audio\"><audio controls src=\"http:\/\/zephyr-production.com\/wp-content\/uploads\/2026\/05\/Good-Day-Lovin-Single-Version.mp3\"><\/audio><\/figure>\n\n\n\n<p>Jingle &#8211; Radio Panik 2023<\/p>\n\n\n\n<figure class=\"wp-block-audio\"><audio controls src=\"http:\/\/zephyr-production.com\/wp-content\/uploads\/2026\/05\/Jingle-Radio-Panik-2023.mp3\"><\/audio><\/figure>\n\n\n\n<p>Jingle &#8211; BNP Paribas 2019<\/p>\n\n\n\n<figure class=\"wp-block-audio\"><audio controls src=\"http:\/\/zephyr-production.com\/wp-content\/uploads\/2026\/05\/Jingle-BNP-Paribas-2019.mp3\"><\/audio><\/figure>\n\n\n\n<p>Jingle &#8211; AB3 2020<\/p>\n\n\n\n<figure class=\"wp-block-audio\"><audio controls src=\"http:\/\/zephyr-production.com\/wp-content\/uploads\/2026\/05\/Jingle-AB3-2020.mp3\"><\/audio><\/figure>\n<\/div>\n<\/div>\n\n\n\n<div class=\"wp-block-group is-style-default has-large-font-size has-global-padding is-layout-constrained wp-block-group-is-layout-constrained\">\n<div class=\"wp-block-group has-global-padding is-layout-constrained wp-block-group-is-layout-constrained\">\n<h2 class=\"wp-block-heading has-text-align-center\" id=\"contact\" style=\"padding-top:var(--wp--preset--spacing--30);padding-bottom:var(--wp--preset--spacing--30)\">Contact<\/h2>\n\n\n\n<p class=\"has-text-align-center\"><a href=\"mailto:ndujardin.esra@gmail.com\">ndujardin.esra@gmail.com<\/a><\/p>\n\n\n\n<p class=\"has-text-align-center\">T\u00e9l&nbsp;: 0497 50 24 37<\/p>\n<\/div>\n<\/div>\n","protected":false},"excerpt":{"rendered":"<p>La musique est la langue des \u00e9motions &#8211; Emmanuel Kant En tant que musicien exp\u00e9riment\u00e9 et sound designer, je cr\u00e9e des identit\u00e9s sonores et des musiques originales adapt\u00e9es \u00e0 votre projet. Mon travail se concentre sur la clart\u00e9, le d\u00e9tail et l\u2019impact \u00e9motionnel, afin de r\u00e9aliser une experience immersive et unique. Qu\u2019il s\u2019agisse d\u2019un jingle [&hellip;]<\/p>\n","protected":false},"author":1,"featured_media":25,"parent":0,"menu_order":0,"comment_status":"closed","ping_status":"closed","template":"","meta":{"inline_featured_image":false,"footnotes":""},"class_list":["post-2","page","type-page","status-publish","has-post-thumbnail","hentry"],"_links":{"self":[{"href":"https:\/\/zephyr-production.com\/index.php\/wp-json\/wp\/v2\/pages\/2","targetHints":{"allow":["GET"]}}],"collection":[{"href":"https:\/\/zephyr-production.com\/index.php\/wp-json\/wp\/v2\/pages"}],"about":[{"href":"https:\/\/zephyr-production.com\/index.php\/wp-json\/wp\/v2\/types\/page"}],"author":[{"embeddable":true,"href":"https:\/\/zephyr-production.com\/index.php\/wp-json\/wp\/v2\/users\/1"}],"replies":[{"embeddable":true,"href":"https:\/\/zephyr-production.com\/index.php\/wp-json\/wp\/v2\/comments?post=2"}],"version-history":[{"count":47,"href":"https:\/\/zephyr-production.com\/index.php\/wp-json\/wp\/v2\/pages\/2\/revisions"}],"predecessor-version":[{"id":77,"href":"https:\/\/zephyr-production.com\/index.php\/wp-json\/wp\/v2\/pages\/2\/revisions\/77"}],"wp:featuredmedia":[{"embeddable":true,"href":"https:\/\/zephyr-production.com\/index.php\/wp-json\/wp\/v2\/media\/25"}],"wp:attachment":[{"href":"https:\/\/zephyr-production.com\/index.php\/wp-json\/wp\/v2\/media?parent=2"}],"curies":[{"name":"wp","href":"https:\/\/api.w.org\/{rel}","templated":true}]}}